{"id":24,"date":"2012-01-20T10:00:42","date_gmt":"2012-01-20T09:00:42","guid":{"rendered":"http:\/\/wirich.de\/?page_id=24"},"modified":"2021-06-08T02:38:12","modified_gmt":"2021-06-08T00:38:12","slug":"impressum","status":"publish","type":"page","link":"http:\/\/www.wirich.de\/?page_id=24","title":{"rendered":"Impressum"},"content":{"rendered":"<p>Anbieterkennzeichnung \u2013 Angabe gem\u00e4\u00df \u00a75 TMG:<\/p>\n<p>Eberhard Stellbrink<br \/>\nBuhrowstra\u00dfe 20B<br \/>\n12617 Berlin<\/p>\n<p>E-Mail: kontakt@wirich.de<\/p>\n<hr>\n<p style=\"text-align: justify;\">Haftungsausschluss:<\/p>\n<p style=\"text-align: justify;\">Die Inhalte unserer Seiten wurden mit gro\u00dfer Achtsamkeit erstellt. F\u00fcr die Richtigkeit, Vollst\u00e4ndigkeit und Aktualit\u00e4t von Inhalten wird allerdings keine Gew\u00e4hrleistung \u00fcbernommen. Gem\u00e4\u00df \u00a7 7 Abs.1 TMG sind wir als ein Dienstanbieter f\u00fcr die eigenen Inhalte auf diesen Seiten nach den Gesetzen verantwortlich. Wir weisen jedoch auf die \u00a7\u00a7 8 bis 10 TMG hin, nach denen wir als Dienstanbieter nicht verpflichtet sind, \u00fcbermittelte oder gespeicherte fremde Informationen zu \u00fcberwachen. Dar\u00fcber hinaus sind wir nicht verpflichtet, nach Umst\u00e4nden zu suchen, die auf rechtswidrige T\u00e4tigkeiten deuten. Nat\u00fcrlich bleiben die Verpflichtungen zur Entfernung oder Sperrung der Nutzung von Informationen nach den allgemeinen Gesetzen hiervon unber\u00fchrt und eine diesbez\u00fcgliche Haftung unsererseits erst ab dem Zeitpunkt der Kenntnis einer konkreten Rechtsverletzung m\u00f6glich ist. Bekanntgewordene Rechtsverletzungen werden umgehend korrigiert bzw. entfernt.<\/p>\n<p style=\"text-align: justify;\">Urheberrecht &amp; Haftung f\u00fcr Links:<\/p>\n<p style=\"text-align: justify;\">Die durch den Seitenbetreiber erstellten Inhalte und Werke auf dieser Webseite unterliegen dem deutschen Urheberrecht; weshalb eine Vervielf\u00e4ltigung, Bearbeitung, Verbreitung oder jede andere Art der Verwertung au\u00dferhalb der Grenzen des Urheberrechtes der schriftlichen Zustimmung des betreffenden Autors bed\u00fcrfen. Downloads oder Kopien dieser Webseite sind nicht zum kommerziellen Gebrauch, sondern lediglich f\u00fcr den privaten erlaubt. Es werden die Urheberrechte Dritter beachtet, sollten Inhalte auf dieser Webseite nicht vom Inhaber selbst erstellt worden sein. Inhalte Dritter werden selbstverst\u00e4ndlich als solche auch kenntlich gemacht. Sollten Sie dennoch eine eine Urheberrechtsverletzung entdecken, bitten wir Sie um einen konkreten Hinweis. Bei Bekanntwerden von Rechtsverletzungen werden wir derartige Inhalte umgehend entfernen. Bei dem Inhalt dieser Internetseiten handelt es sich um urheberrechtlich gesch\u00fctzte Werke. Die \u00dcbernahme und Nutzung der Daten zu anderen Zwecken bedarf der schriftlichen Zustimmung des Seitenbetreibers. Unser Angebot enth\u00e4lt Links zu externen Webseiten dritter Personen oder Firmen, auf deren Inhalte wir keinerlei Einfluss haben. Deshalb \u00fcbernehmen wir auch f\u00fcr die Fremdinhalte keine Gew\u00e4hrleistung. F\u00fcr Inhalte der verlinkten Seiten ist immer der betroffene Anbieter bzw. Betreiber der Internetseiten verantwortlich. Verlinkten Seiten wurden vor der Setzung von Links auf m\u00f6gliche Rechtsverst\u00f6\u00dfe \u00fcberpr\u00fcft. Ist ein Link gesetzt worden, waren rechtswidrige Inhalte auf diesen Webseiten zum Zeitpunkt der Setzung des Links nicht zu erkennen. Eine kontinuierliche Kontrolle der verlinkten Seiten, vor allem inhaltlich, ist ohne klare Hinweise \u00fcber eine Rechtsverletzung nicht vertretbar. Bei Bekanntwerden von Rechtsverletzungen werden wir derartige Links umgehend entfernen.<\/p>\n<p style=\"text-align: justify;\">Datenschutz:<\/p>\n<p style=\"text-align: justify;\">Diese Website benutzt Google Analytics, einen Webanalysedienst der Google Inc. (\u201eGoogle\u201c). Google Analytics verwendet sog. \u201eCookies\u201c, Textdateien, die auf Ihrem Computer gespeichert werden und die eine Analyse der Benutzung der Website durch Sie erm\u00f6glichen. Die durch den Cookie erzeugten Informationen \u00fcber Ihre Benutzung dieser Website (einschlie\u00dflich Ihrer IP-Adresse) wird an einen Server von Google in die USA \u00fcbertragen und dort gespeichert. Google wird diese Informationen benutzen, um Ihre Nutzung der Website auszuwerten, um Reports \u00fcber die Websiteaktivit\u00e4ten f\u00fcr die Websitebetreiber zusammenzustellen und um weitere mit der Websitenutzung und der Internetnutzung verbundene Dienstleistungen zu erbringen. Auch wird Google diese Informationen gegebenenfalls an Dritte \u00fcbertragen, sofern dies gesetzlich vorgeschrieben ist oder Dritte diese Daten im Auftrag von Google verarbeiten. Google wird in keinem Fall Ihre IP-Adresse mit anderen Daten von Google in Verbindung bringen. Sie k\u00f6nnen die Installation der Cookies durch eine entsprechende Einstellung Ihrer Browser Software verhindern; wir weisen Sie jedoch darauf hin, dass Sie in diesem Fall gegebenenfalls nicht s\u00e4mtliche Funktionen dieser Website in vollem Umfang nutzen k\u00f6nnen. Durch die Nutzung dieser Website erkl\u00e4ren Sie sich mit der Bearbeitung der \u00fcber Sie erhobenen Daten durch Google in der zuvor beschriebenen Art und Weise und zu dem zuvor benannten Zweck einverstanden. Der Datenerhebung und -speicherung kann jederzeit mit Wirkung f\u00fcr die Zukunft widersprochen [http:\/\/tools.google.com\/dlpage\/gaoptout?hl=de] werden. Angesichts der Diskussion um den Einsatz von Analysetools mit vollst\u00e4ndigen IP-Adressen m\u00f6chten wir darauf hinweisen, dass diese Website Google Analytics mit der Erweiterung \u201c_anonymizeIp()\u201d verwendet und daher IP-Adressen nur gek\u00fcrzt weiterverarbeitet werden, um eine direkte Personenbeziehbarkeit auszuschlie\u00dfen.<\/p>\n","protected":false},"excerpt":{"rendered":"<p>Anbieterkennzeichnung \u2013 Angabe gem\u00e4\u00df \u00a75 TMG:<br \/>\nEberhard Stellbrink<br \/>\nBuhrowstra\u00dfe 20B<br \/>\n12617 Berlin<br \/>\nE-Mail: kontakt@wirich.de<\/p>\n<p>Haftungsausschluss:<br \/>\nDie Inhalte unserer Seiten wurden mit gro\u00dfer Achtsamkeit erstellt. F\u00fcr die Richtigkeit, Vollst\u00e4ndigkeit und Aktualit\u00e4t von Inhalten wird allerdings keine Gew\u00e4hrleistung \u00fcbernommen. Gem\u00e4\u00df \u00a7 7 Abs.1 TMG sind wir als ein Dienstanbieter f\u00fcr die eigenen Inhalte auf diesen Seiten nach den Gesetzen verantwortlich. Wir weisen jedoch auf die \u00a7\u00a7 8 bis 10 TMG hin, nach denen wir als Dienstanbieter nicht verpflichtet sind, \u00fcbermittelte oder &#8230;<\/p>\n","protected":false},"author":3,"featured_media":0,"parent":0,"menu_order":0,"comment_status":"open","ping_status":"open","template":"","meta":[],"_links":{"self":[{"href":"http:\/\/www.wirich.de\/index.php?rest_route=\/wp\/v2\/pages\/24"}],"collection":[{"href":"http:\/\/www.wirich.de\/index.php?rest_route=\/wp\/v2\/pages"}],"about":[{"href":"http:\/\/www.wirich.de\/index.php?rest_route=\/wp\/v2\/types\/page"}],"author":[{"embeddable":true,"href":"http:\/\/www.wirich.de\/index.php?rest_route=\/wp\/v2\/users\/3"}],"replies":[{"embeddable":true,"href":"http:\/\/www.wirich.de\/index.php?rest_route=%2Fwp%2Fv2%2Fcomments&post=24"}],"version-history":[{"count":1,"href":"http:\/\/www.wirich.de\/index.php?rest_route=\/wp\/v2\/pages\/24\/revisions"}],"predecessor-version":[{"id":1037,"href":"http:\/\/www.wirich.de\/index.php?rest_route=\/wp\/v2\/pages\/24\/revisions\/1037"}],"wp:attachment":[{"href":"http:\/\/www.wirich.de\/index.php?rest_route=%2Fwp%2Fv2%2Fmedia&parent=24"}],"curies":[{"name":"wp","href":"https:\/\/api.w.org\/{rel}","templated":true}]}}